{"id":22,"date":"2022-04-13T14:38:17","date_gmt":"2022-04-13T14:38:17","guid":{"rendered":"https:\/\/xstore.8theme.com\/elementor\/demos\/business02\/?page_id=22"},"modified":"2023-03-30T19:22:33","modified_gmt":"2023-03-30T19:22:33","slug":"a-propos-de-nous","status":"publish","type":"page","link":"https:\/\/distrali.com\/es\/a-propos-de-nous\/","title":{"rendered":"Quienes somos?"},"content":{"rendered":"<div data-elementor-type=\"wp-page\" data-elementor-id=\"22\" class=\"elementor elementor-22\">\n\t\t\t\t\t\t<section class=\"elementor-section elementor-top-section elementor-element elementor-element-81e7258 elementor-section-content-middle elementor-section-boxed elementor-section-height-default elementor-section-height-default\" data-id=\"81e7258\" data-element_type=\"section\" data-e-type=\"section\">\n\t\t\t\t\t\t<div class=\"elementor-container elementor-column-gap-no\">\n\t\t\t\t\t<div class=\"elementor-column elementor-col-50 elementor-top-column elementor-element elementor-element-0be7739\" data-id=\"0be7739\" data-element_type=\"column\" data-e-type=\"column\">\n\t\t\t<div class=\"elementor-widget-wrap elementor-element-populated\">\n\t\t\t\t\t\t<div class=\"elementor-element elementor-element-cedeb4b elementor-widget elementor-widget-text-editor\" data-id=\"cedeb4b\" data-element_type=\"widget\" data-e-type=\"widget\" data-widget_type=\"text-editor.default\">\n\t\t\t\t<div class=\"elementor-widget-container\">\n\t\t\t\t\t\t\t\t\t<p>Distrali es una empresa senegalesa del sector de la distribuci\u00f3n alimentaria y de productos diversos. Nuestro objetivo es estar presentes en todas las canales de distribuci\u00f3n adapt\u00e1ndonos al mercado local.<\/p><p>Distrali trabaja con varias marcas reconocidas en el mundo.<\/p>\t\t\t\t\t\t\t\t<\/div>\n\t\t\t\t<\/div>\n\t\t\t\t<div class=\"elementor-element elementor-element-3c1a3e00 elementor-widget elementor-widget-etheme_icon_list\" data-id=\"3c1a3e00\" data-element_type=\"widget\" data-e-type=\"widget\" data-widget_type=\"etheme_icon_list.default\">\n\t\t\t\t<div class=\"elementor-widget-container\">\n\t\t\t\t\t            <div class=\"etheme-icon-list\">\r\n                                        <div class=\"etheme-icon-list-item elementor-repeater-item-3f36d68\">\r\n                                                                \r\n                                    <span class=\"etheme-icon-list-item-icon\">\r\n                                        <span class=\"etheme-icon-list-item-icon-inner\">\r\n                                        <img decoding=\"async\" width=\"20\" height=\"21\" src=\"https:\/\/distrali.com\/wp-content\/uploads\/xstore\/xstore-placeholder.png\" class=\"attachment-full size-full wp-image-66 lazyload lazyload-simple et-lazyload-fadeIn\" alt=\"\" data-src=\"https:\/\/distrali.com\/wp-content\/uploads\/2022\/04\/Icon.png\" \/>                                        <\/span>\r\n                                    <\/span>\r\n                                    \r\n                                                            \r\n                            <span class=\"etheme-icon-list-item-text\">\r\n                                base de clientes                            <\/span>\r\n                                                    <\/div>\r\n                                            <div class=\"etheme-icon-list-item elementor-repeater-item-67c8418\">\r\n                                                                \r\n                                    <span class=\"etheme-icon-list-item-icon\">\r\n                                        <span class=\"etheme-icon-list-item-icon-inner\">\r\n                                        <img decoding=\"async\" width=\"20\" height=\"21\" src=\"https:\/\/distrali.com\/wp-content\/uploads\/xstore\/xstore-placeholder.png\" class=\"attachment-full size-full wp-image-66 lazyload lazyload-simple et-lazyload-fadeIn\" alt=\"\" data-src=\"https:\/\/distrali.com\/wp-content\/uploads\/2022\/04\/Icon.png\" \/>                                        <\/span>\r\n                                    <\/span>\r\n                                    \r\n                                                            \r\n                            <span class=\"etheme-icon-list-item-text\">\r\n                                Estaciones de servicio                            <\/span>\r\n                                                    <\/div>\r\n                                            <div class=\"etheme-icon-list-item elementor-repeater-item-d9fc386\">\r\n                                                                \r\n                                    <span class=\"etheme-icon-list-item-icon\">\r\n                                        <span class=\"etheme-icon-list-item-icon-inner\">\r\n                                        <img decoding=\"async\" width=\"20\" height=\"21\" src=\"https:\/\/distrali.com\/wp-content\/uploads\/xstore\/xstore-placeholder.png\" class=\"attachment-full size-full wp-image-66 lazyload lazyload-simple et-lazyload-fadeIn\" alt=\"\" data-src=\"https:\/\/distrali.com\/wp-content\/uploads\/2022\/04\/Icon.png\" \/>                                        <\/span>\r\n                                    <\/span>\r\n                                    \r\n                                                            \r\n                            <span class=\"etheme-icon-list-item-text\">\r\n                                supermercados                            <\/span>\r\n                                                    <\/div>\r\n                                <\/div>\r\n        \r\n        \t\t\t\t<\/div>\n\t\t\t\t<\/div>\n\t\t\t\t\t<\/div>\n\t\t<\/div>\n\t\t\t\t<div class=\"elementor-column elementor-col-50 elementor-top-column elementor-element elementor-element-4bcecae elementor-hidden-mobile\" data-id=\"4bcecae\" data-element_type=\"column\" data-e-type=\"column\">\n\t\t\t<div class=\"elementor-widget-wrap elementor-element-populated\">\n\t\t\t\t\t\t<div class=\"elementor-element elementor-element-556f967 elementor-absolute etheme-parallax-scroll_effects elementor-widget elementor-widget-image\" data-id=\"556f967\" data-element_type=\"widget\" data-e-type=\"widget\" data-settings=\"{&quot;etheme_parallax_scroll_y&quot;:&quot;50&quot;,&quot;etheme_parallax&quot;:&quot;yes&quot;,&quot;_position&quot;:&quot;absolute&quot;,&quot;etheme_parallax_type&quot;:&quot;scroll_effects&quot;,&quot;etheme_parallax_scroll_scale&quot;:{&quot;unit&quot;:&quot;px&quot;,&quot;size&quot;:1,&quot;sizes&quot;:[]},&quot;etheme_parallax_scroll_x&quot;:0,&quot;etheme_parallax_scroll_z&quot;:0,&quot;etheme_parallax_scroll_rotate&quot;:{&quot;unit&quot;:&quot;px&quot;,&quot;size&quot;:0,&quot;sizes&quot;:[]},&quot;etheme_parallax_scroll_perspective&quot;:{&quot;unit&quot;:&quot;px&quot;,&quot;size&quot;:800,&quot;sizes&quot;:[]},&quot;etheme_parallax_scroll_smoothness&quot;:{&quot;unit&quot;:&quot;px&quot;,&quot;size&quot;:30,&quot;sizes&quot;:[]}}\" data-widget_type=\"image.default\">\n\t\t\t\t<div class=\"elementor-widget-container\">\n\t\t\t\t\t\t\t\t\t\t\t\t\t\t\t<img fetchpriority=\"high\" decoding=\"async\" width=\"462\" height=\"578\" src=\"https:\/\/distrali.com\/wp-content\/uploads\/2022\/04\/Pattern-min.jpeg\" class=\"attachment-full size-full wp-image-1219\" alt=\"\" \/>\t\t\t\t\t\t\t\t\t\t\t\t\t\t\t<\/div>\n\t\t\t\t<\/div>\n\t\t\t\t<div class=\"elementor-element elementor-element-3e631b23 elementor-absolute etheme-parallax-scroll_effects elementor-widget elementor-widget-image\" data-id=\"3e631b23\" data-element_type=\"widget\" data-e-type=\"widget\" data-settings=\"{&quot;etheme_parallax_scroll_y&quot;:&quot;-50&quot;,&quot;etheme_parallax&quot;:&quot;yes&quot;,&quot;_position&quot;:&quot;absolute&quot;,&quot;etheme_parallax_type&quot;:&quot;scroll_effects&quot;,&quot;etheme_parallax_scroll_scale&quot;:{&quot;unit&quot;:&quot;px&quot;,&quot;size&quot;:1,&quot;sizes&quot;:[]},&quot;etheme_parallax_scroll_x&quot;:0,&quot;etheme_parallax_scroll_z&quot;:0,&quot;etheme_parallax_scroll_rotate&quot;:{&quot;unit&quot;:&quot;px&quot;,&quot;size&quot;:0,&quot;sizes&quot;:[]},&quot;etheme_parallax_scroll_perspective&quot;:{&quot;unit&quot;:&quot;px&quot;,&quot;size&quot;:800,&quot;sizes&quot;:[]},&quot;etheme_parallax_scroll_smoothness&quot;:{&quot;unit&quot;:&quot;px&quot;,&quot;size&quot;:30,&quot;sizes&quot;:[]}}\" data-widget_type=\"image.default\">\n\t\t\t\t<div class=\"elementor-widget-container\">\n\t\t\t\t\t\t\t\t\t\t\t\t\t\t\t<img decoding=\"async\" width=\"514\" height=\"640\" src=\"https:\/\/distrali.com\/wp-content\/uploads\/2023\/02\/visite-collaborateurs-Madrid-Fevrier-2023-1-1.jpg\" class=\"attachment-full size-full wp-image-1502\" alt=\"\" srcset=\"https:\/\/distrali.com\/wp-content\/uploads\/2023\/02\/visite-collaborateurs-Madrid-Fevrier-2023-1-1.jpg 514w, https:\/\/distrali.com\/wp-content\/uploads\/2023\/02\/visite-collaborateurs-Madrid-Fevrier-2023-1-1-241x300.jpg 241w, https:\/\/distrali.com\/wp-content\/uploads\/2023\/02\/visite-collaborateurs-Madrid-Fevrier-2023-1-1-1x1.jpg 1w, https:\/\/distrali.com\/wp-content\/uploads\/2023\/02\/visite-collaborateurs-Madrid-Fevrier-2023-1-1-8x10.jpg 8w\" sizes=\"(max-width: 514px) 100vw, 514px\" \/>\t\t\t\t\t\t\t\t\t\t\t\t\t\t\t<\/div>\n\t\t\t\t<\/div>\n\t\t\t\t\t<\/div>\n\t\t<\/div>\n\t\t\t\t\t<\/div>\n\t\t<\/section>\n\t\t\t\t<section class=\"elementor-section elementor-top-section elementor-element elementor-element-4197e15 elementor-section-boxed elementor-section-height-default elementor-section-height-default\" data-id=\"4197e15\" data-element_type=\"section\" data-e-type=\"section\">\n\t\t\t\t\t\t<div class=\"elementor-container elementor-column-gap-default\">\n\t\t\t\t\t<div class=\"elementor-column elementor-col-100 elementor-top-column elementor-element elementor-element-4643729\" data-id=\"4643729\" data-element_type=\"column\" data-e-type=\"column\">\n\t\t\t<div class=\"elementor-widget-wrap elementor-element-populated\">\n\t\t\t\t\t\t<div class=\"elementor-element elementor-element-cad7dc7 elementor-widget elementor-widget-spacer\" data-id=\"cad7dc7\" data-element_type=\"widget\" data-e-type=\"widget\" data-widget_type=\"spacer.default\">\n\t\t\t\t<div class=\"elementor-widget-container\">\n\t\t\t\t\t\t\t<div class=\"elementor-spacer\">\n\t\t\t<div class=\"elementor-spacer-inner\"><\/div>\n\t\t<\/div>\n\t\t\t\t\t\t<\/div>\n\t\t\t\t<\/div>\n\t\t\t\t\t<\/div>\n\t\t<\/div>\n\t\t\t\t\t<\/div>\n\t\t<\/section>\n\t\t\t\t<section class=\"elementor-section elementor-top-section elementor-element elementor-element-922a7e6 elementor-hidden-mobile elementor-section-boxed elementor-section-height-default elementor-section-height-default\" data-id=\"922a7e6\" data-element_type=\"section\" data-e-type=\"section\">\n\t\t\t\t\t\t<div class=\"elementor-container elementor-column-gap-no\">\n\t\t\t\t\t<div class=\"elementor-column elementor-col-100 elementor-top-column elementor-element elementor-element-a9095ec\" data-id=\"a9095ec\" data-element_type=\"column\" data-e-type=\"column\">\n\t\t\t<div class=\"elementor-widget-wrap elementor-element-populated\">\n\t\t\t\t\t\t<div class=\"elementor-element elementor-element-4226da7 border-bottom elementor-widget elementor-widget-heading\" data-id=\"4226da7\" data-element_type=\"widget\" data-e-type=\"widget\" data-widget_type=\"heading.default\">\n\t\t\t\t<div class=\"elementor-widget-container\">\n\t\t\t\t\t<h2 class=\"elementor-heading-title elementor-size-default\">Nuestras marcas<\/h2>\t\t\t\t<\/div>\n\t\t\t\t<\/div>\n\t\t\t\t<div class=\"elementor-element elementor-element-2ddec7c elementor-widget elementor-widget-image-gallery\" data-id=\"2ddec7c\" data-element_type=\"widget\" data-e-type=\"widget\" data-widget_type=\"image-gallery.default\">\n\t\t\t\t<div class=\"elementor-widget-container\">\n\t\t\t\t\t\t\t<div class=\"elementor-image-gallery\">\n\t\t\t\n\t\t<style type=\"text\/css\">\n\t\t\t#gallery-1 {\n\t\t\t\tmargin: auto;\n\t\t\t}\n\t\t\t#gallery-1 .gallery-item {\n\t\t\t\tfloat: left;\n\t\t\t\tmargin-top: 10px;\n\t\t\t\ttext-align: center;\n\t\t\t\twidth: 25%;\n\t\t\t}\n\t\t\t#gallery-1 img {\n\t\t\t\tborder: 2px solid #cfcfcf;\n\t\t\t}\n\t\t\t#gallery-1 .gallery-caption {\n\t\t\t\tmargin-left: 0;\n\t\t\t}\n\t\t\t\/* see gallery_shortcode() in wp-includes\/media.php *\/\n\t\t<\/style>\n\t\t<div id='gallery-1' class='gallery galleryid-22 gallery-columns-4 gallery-size-full'><dl class='gallery-item'>\n\t\t\t<dt class='gallery-icon portrait'>\n\t\t\t\t<a data-elementor-open-lightbox=\"yes\" data-elementor-lightbox-slideshow=\"2ddec7c\" data-elementor-lightbox-title=\"marque sabor rioja\" data-e-action-hash=\"#elementor-action%3Aaction%3Dlightbox%26settings%3DeyJpZCI6MTUxOSwidXJsIjoiaHR0cHM6XC9cL2Rpc3RyYWxpLmNvbVwvd3AtY29udGVudFwvdXBsb2Fkc1wvMjAyM1wvMDJcL21hcnF1ZS1zYWJvci1yaW9qYS5wbmciLCJzbGlkZXNob3ciOiIyZGRlYzdjIn0%3D\" href='https:\/\/distrali.com\/wp-content\/uploads\/2023\/02\/marque-sabor-rioja.png'><img loading=\"lazy\" decoding=\"async\" width=\"243\" height=\"246\" src=\"https:\/\/distrali.com\/wp-content\/uploads\/2023\/02\/marque-sabor-rioja.png\" class=\"attachment-full size-full\" alt=\"\" srcset=\"https:\/\/distrali.com\/wp-content\/uploads\/2023\/02\/marque-sabor-rioja.png 243w, https:\/\/distrali.com\/wp-content\/uploads\/2023\/02\/marque-sabor-rioja-100x100.png 100w, https:\/\/distrali.com\/wp-content\/uploads\/2023\/02\/marque-sabor-rioja-1x1.png 1w, https:\/\/distrali.com\/wp-content\/uploads\/2023\/02\/marque-sabor-rioja-10x10.png 10w\" sizes=\"(max-width: 243px) 100vw, 243px\" \/><\/a>\n\t\t\t<\/dt><\/dl><dl class='gallery-item'>\n\t\t\t<dt class='gallery-icon landscape'>\n\t\t\t\t<a data-elementor-open-lightbox=\"yes\" data-elementor-lightbox-slideshow=\"2ddec7c\" data-elementor-lightbox-title=\"marque iscariense\" data-e-action-hash=\"#elementor-action%3Aaction%3Dlightbox%26settings%3DeyJpZCI6MTUyMCwidXJsIjoiaHR0cHM6XC9cL2Rpc3RyYWxpLmNvbVwvd3AtY29udGVudFwvdXBsb2Fkc1wvMjAyM1wvMDJcL21hcnF1ZS1pc2NhcmllbnNlLS5qcGVnIiwic2xpZGVzaG93IjoiMmRkZWM3YyJ9\" href='https:\/\/distrali.com\/wp-content\/uploads\/2023\/02\/marque-iscariense-.jpeg'><img loading=\"lazy\" decoding=\"async\" width=\"231\" height=\"218\" src=\"https:\/\/distrali.com\/wp-content\/uploads\/2023\/02\/marque-iscariense-.jpeg\" class=\"attachment-full size-full\" alt=\"\" srcset=\"https:\/\/distrali.com\/wp-content\/uploads\/2023\/02\/marque-iscariense-.jpeg 231w, https:\/\/distrali.com\/wp-content\/uploads\/2023\/02\/marque-iscariense--1x1.jpeg 1w, https:\/\/distrali.com\/wp-content\/uploads\/2023\/02\/marque-iscariense--10x10.jpeg 10w\" sizes=\"(max-width: 231px) 100vw, 231px\" \/><\/a>\n\t\t\t<\/dt><\/dl><dl class='gallery-item'>\n\t\t\t<dt class='gallery-icon landscape'>\n\t\t\t\t<a data-elementor-open-lightbox=\"yes\" data-elementor-lightbox-slideshow=\"2ddec7c\" data-elementor-lightbox-title=\"Marque codan\" data-e-action-hash=\"#elementor-action%3Aaction%3Dlightbox%26settings%3DeyJpZCI6MTUyMSwidXJsIjoiaHR0cHM6XC9cL2Rpc3RyYWxpLmNvbVwvd3AtY29udGVudFwvdXBsb2Fkc1wvMjAyM1wvMDJcL01hcnF1ZS1jb2Rhbi0uanBlZyIsInNsaWRlc2hvdyI6IjJkZGVjN2MifQ%3D%3D\" href='https:\/\/distrali.com\/wp-content\/uploads\/2023\/02\/Marque-codan-.jpeg'><img loading=\"lazy\" decoding=\"async\" width=\"961\" height=\"577\" src=\"https:\/\/distrali.com\/wp-content\/uploads\/2023\/02\/Marque-codan-.jpeg\" class=\"attachment-full size-full\" alt=\"\" srcset=\"https:\/\/distrali.com\/wp-content\/uploads\/2023\/02\/Marque-codan-.jpeg 961w, https:\/\/distrali.com\/wp-content\/uploads\/2023\/02\/Marque-codan--300x180.jpeg 300w, https:\/\/distrali.com\/wp-content\/uploads\/2023\/02\/Marque-codan--768x461.jpeg 768w, https:\/\/distrali.com\/wp-content\/uploads\/2023\/02\/Marque-codan--600x360.jpeg 600w, https:\/\/distrali.com\/wp-content\/uploads\/2023\/02\/Marque-codan--1x1.jpeg 1w, https:\/\/distrali.com\/wp-content\/uploads\/2023\/02\/Marque-codan--10x6.jpeg 10w\" sizes=\"(max-width: 961px) 100vw, 961px\" \/><\/a>\n\t\t\t<\/dt><\/dl><dl class='gallery-item'>\n\t\t\t<dt class='gallery-icon landscape'>\n\t\t\t\t<a data-elementor-open-lightbox=\"yes\" data-elementor-lightbox-slideshow=\"2ddec7c\" data-elementor-lightbox-title=\"Marque haricaman\" data-e-action-hash=\"#elementor-action%3Aaction%3Dlightbox%26settings%3DeyJpZCI6MTUyMiwidXJsIjoiaHR0cHM6XC9cL2Rpc3RyYWxpLmNvbVwvd3AtY29udGVudFwvdXBsb2Fkc1wvMjAyM1wvMDJcL01hcnF1ZS1oYXJpY2FtYW4tLnBuZyIsInNsaWRlc2hvdyI6IjJkZGVjN2MifQ%3D%3D\" href='https:\/\/distrali.com\/wp-content\/uploads\/2023\/02\/Marque-haricaman-.png'><img loading=\"lazy\" decoding=\"async\" width=\"824\" height=\"208\" src=\"https:\/\/distrali.com\/wp-content\/uploads\/2023\/02\/Marque-haricaman-.png\" class=\"attachment-full size-full\" alt=\"\" srcset=\"https:\/\/distrali.com\/wp-content\/uploads\/2023\/02\/Marque-haricaman-.png 824w, https:\/\/distrali.com\/wp-content\/uploads\/2023\/02\/Marque-haricaman--300x76.png 300w, https:\/\/distrali.com\/wp-content\/uploads\/2023\/02\/Marque-haricaman--768x194.png 768w, https:\/\/distrali.com\/wp-content\/uploads\/2023\/02\/Marque-haricaman--600x151.png 600w, https:\/\/distrali.com\/wp-content\/uploads\/2023\/02\/Marque-haricaman--1x1.png 1w, https:\/\/distrali.com\/wp-content\/uploads\/2023\/02\/Marque-haricaman--10x3.png 10w\" sizes=\"(max-width: 824px) 100vw, 824px\" \/><\/a>\n\t\t\t<\/dt><\/dl><br style=\"clear: both\" \/>\n\t\t<\/div>\n\t\t<\/div>\n\t\t\t\t\t\t<\/div>\n\t\t\t\t<\/div>\n\t\t\t\t\t<\/div>\n\t\t<\/div>\n\t\t\t\t\t<\/div>\n\t\t<\/section>\n\t\t\t\t<section class=\"elementor-section elementor-top-section elementor-element elementor-element-1361303 elementor-section-boxed elementor-section-height-default elementor-section-height-default\" data-id=\"1361303\" data-element_type=\"section\" data-e-type=\"section\">\n\t\t\t\t\t\t<div class=\"elementor-container elementor-column-gap-no\">\n\t\t\t\t\t<div class=\"elementor-column elementor-col-100 elementor-top-column elementor-element elementor-element-4123b996\" data-id=\"4123b996\" data-element_type=\"column\" data-e-type=\"column\">\n\t\t\t<div class=\"elementor-widget-wrap elementor-element-populated\">\n\t\t\t\t\t\t<section class=\"elementor-section elementor-inner-section elementor-element elementor-element-1d564051 elementor-section-boxed elementor-section-height-default elementor-section-height-default\" data-id=\"1d564051\" data-element_type=\"section\" data-e-type=\"section\">\n\t\t\t\t\t\t<div class=\"elementor-container elementor-column-gap-no\">\n\t\t\t\t\t<div class=\"elementor-column elementor-col-33 elementor-inner-column elementor-element elementor-element-7a7ea90e\" data-id=\"7a7ea90e\" data-element_type=\"column\" data-e-type=\"column\">\n\t\t\t<div class=\"elementor-widget-wrap elementor-element-populated\">\n\t\t\t\t\t\t<div class=\"elementor-element elementor-element-683389ff elementor-widget elementor-widget-heading\" data-id=\"683389ff\" data-element_type=\"widget\" data-e-type=\"widget\" data-widget_type=\"heading.default\">\n\t\t\t\t<div class=\"elementor-widget-container\">\n\t\t\t\t\t<h2 class=\"elementor-heading-title elementor-size-default\">Direcci\u00f3n<\/h2>\t\t\t\t<\/div>\n\t\t\t\t<\/div>\n\t\t\t\t<div class=\"elementor-element elementor-element-2e920f55 elementor-widget elementor-widget-text-editor\" data-id=\"2e920f55\" data-element_type=\"widget\" data-e-type=\"widget\" data-widget_type=\"text-editor.default\">\n\t\t\t\t<div class=\"elementor-widget-container\">\n\t\t\t\t\t\t\t\t\t<p>Adresse Sacr\u00e9 C\u0153ur 2, Immeuble Aicha 2eme Etage \u2013Dakar, SENEGAL<\/p>\t\t\t\t\t\t\t\t<\/div>\n\t\t\t\t<\/div>\n\t\t\t\t\t<\/div>\n\t\t<\/div>\n\t\t\t\t<div class=\"elementor-column elementor-col-33 elementor-inner-column elementor-element elementor-element-5d21267a\" data-id=\"5d21267a\" data-element_type=\"column\" data-e-type=\"column\">\n\t\t\t<div class=\"elementor-widget-wrap elementor-element-populated\">\n\t\t\t\t\t\t<div class=\"elementor-element elementor-element-4e8c5f7c elementor-widget elementor-widget-heading\" data-id=\"4e8c5f7c\" data-element_type=\"widget\" data-e-type=\"widget\" data-widget_type=\"heading.default\">\n\t\t\t\t<div class=\"elementor-widget-container\">\n\t\t\t\t\t<h2 class=\"elementor-heading-title elementor-size-default\">contactar<\/h2>\t\t\t\t<\/div>\n\t\t\t\t<\/div>\n\t\t\t\t<div class=\"elementor-element elementor-element-683ce7b0 elementor-widget elementor-widget-text-editor\" data-id=\"683ce7b0\" data-element_type=\"widget\" data-e-type=\"widget\" data-widget_type=\"text-editor.default\">\n\t\t\t\t<div class=\"elementor-widget-container\">\n\t\t\t\t\t\t\t\t\t<p><a href=\"mailto:contact@distrali.com\">contact@distrali.com<\/a><\/p>\t\t\t\t\t\t\t\t<\/div>\n\t\t\t\t<\/div>\n\t\t\t\t<div class=\"elementor-element elementor-element-2d9877b5 elementor-widget elementor-widget-heading\" data-id=\"2d9877b5\" data-element_type=\"widget\" data-e-type=\"widget\" data-widget_type=\"heading.default\">\n\t\t\t\t<div class=\"elementor-widget-container\">\n\t\t\t\t\t<h2 class=\"elementor-heading-title elementor-size-default\">33 825 20 98 \/  77 468 50 39<\/h2>\t\t\t\t<\/div>\n\t\t\t\t<\/div>\n\t\t\t\t\t<\/div>\n\t\t<\/div>\n\t\t\t\t<div class=\"elementor-column elementor-col-33 elementor-inner-column elementor-element elementor-element-59c45bca\" data-id=\"59c45bca\" data-element_type=\"column\" data-e-type=\"column\">\n\t\t\t<div class=\"elementor-widget-wrap elementor-element-populated\">\n\t\t\t\t\t\t<div class=\"elementor-element elementor-element-6fb0f40c elementor-widget elementor-widget-heading\" data-id=\"6fb0f40c\" data-element_type=\"widget\" data-e-type=\"widget\" data-widget_type=\"heading.default\">\n\t\t\t\t<div class=\"elementor-widget-container\">\n\t\t\t\t\t<h2 class=\"elementor-heading-title elementor-size-default\">Newsletter<\/h2>\t\t\t\t<\/div>\n\t\t\t\t<\/div>\n\t\t\t\t<div class=\"elementor-element elementor-element-84decfd et-mailchimp cassic-button elementor-widget elementor-widget-shortcode\" data-id=\"84decfd\" data-element_type=\"widget\" data-e-type=\"widget\" data-widget_type=\"shortcode.default\">\n\t\t\t\t<div class=\"elementor-widget-container\">\n\t\t\t\t\t\t\t<div class=\"elementor-shortcode\"><\/div>\n\t\t\t\t\t\t<\/div>\n\t\t\t\t<\/div>\n\t\t\t\t\t<\/div>\n\t\t<\/div>\n\t\t\t\t\t<\/div>\n\t\t<\/section>\n\t\t\t\t<section class=\"elementor-section elementor-inner-section elementor-element elementor-element-19262856 elementor-section-boxed elementor-section-height-default elementor-section-height-default\" data-id=\"19262856\" data-element_type=\"section\" data-e-type=\"section\">\n\t\t\t\t\t\t<div class=\"elementor-container elementor-column-gap-no\">\n\t\t\t\t\t<div class=\"elementor-column elementor-col-100 elementor-inner-column elementor-element elementor-element-25d55619\" data-id=\"25d55619\" data-element_type=\"column\" data-e-type=\"column\">\n\t\t\t<div class=\"elementor-widget-wrap elementor-element-populated\">\n\t\t\t\t\t\t<div class=\"elementor-element elementor-element-1b0bb750 elementor-widget elementor-widget-text-editor\" data-id=\"1b0bb750\" data-element_type=\"widget\" data-e-type=\"widget\" data-widget_type=\"text-editor.default\">\n\t\t\t\t<div class=\"elementor-widget-container\">\n\t\t\t\t\t\t\t\t\t<p style=\"text-align: center;\"><a href=\"http:\/\/gaye-tech.com\">Copyright \u00a9 2023 Dstrali. Created by Gaye Tech\u00a0<\/a><\/p>\t\t\t\t\t\t\t\t<\/div>\n\t\t\t\t<\/div>\n\t\t\t\t\t<\/div>\n\t\t<\/div>\n\t\t\t\t\t<\/div>\n\t\t<\/section>\n\t\t\t\t\t<\/div>\n\t\t<\/div>\n\t\t\t\t\t<\/div>\n\t\t<\/section>\n\t\t\t\t<\/div>","protected":false},"excerpt":{"rendered":"<p>Distrali est une entreprise s\u00e9n\u00e9galaise qui \u00e9volue dans le secteur de la grande distribution alimentaire et de produits divers. Nos produits sont destin\u00e9s \u00e0 tous<\/p>","protected":false},"author":1,"featured_media":1167,"parent":0,"menu_order":0,"comment_status":"closed","ping_status":"closed","template":"","meta":{"footnotes":""},"class_list":["post-22","page","type-page","status-publish","has-post-thumbnail","hentry"],"_links":{"self":[{"href":"https:\/\/distrali.com\/es\/wp-json\/wp\/v2\/pages\/22","targetHints":{"allow":["GET"]}}],"collection":[{"href":"https:\/\/distrali.com\/es\/wp-json\/wp\/v2\/pages"}],"about":[{"href":"https:\/\/distrali.com\/es\/wp-json\/wp\/v2\/types\/page"}],"author":[{"embeddable":true,"href":"https:\/\/distrali.com\/es\/wp-json\/wp\/v2\/users\/1"}],"replies":[{"embeddable":true,"href":"https:\/\/distrali.com\/es\/wp-json\/wp\/v2\/comments?post=22"}],"version-history":[{"count":32,"href":"https:\/\/distrali.com\/es\/wp-json\/wp\/v2\/pages\/22\/revisions"}],"predecessor-version":[{"id":1738,"href":"https:\/\/distrali.com\/es\/wp-json\/wp\/v2\/pages\/22\/revisions\/1738"}],"wp:featuredmedia":[{"embeddable":true,"href":"https:\/\/distrali.com\/es\/wp-json\/wp\/v2\/media\/1167"}],"wp:attachment":[{"href":"https:\/\/distrali.com\/es\/wp-json\/wp\/v2\/media?parent=22"}],"curies":[{"name":"wp","href":"https:\/\/api.w.org\/{rel}","templated":true}]}}